{"id":5430,"date":"2024-03-07T12:11:00","date_gmt":"2024-03-07T10:11:00","guid":{"rendered":"https:\/\/silfvastasholidayhomes.fi\/hinnasto\/"},"modified":"2025-03-03T11:10:09","modified_gmt":"2025-03-03T09:10:09","slug":"pricing","status":"publish","type":"page","link":"https:\/\/silfvastasholidayhomes.fi\/en\/pricing\/","title":{"rendered":"Pricing"},"content":{"rendered":"\r\n\r\n<section class=\"hero site-banner banner-bg-image section-default default alignfull image\">\r\n\r\n    <div class=\"site-banner-bg section-bg-image \" >\r\n\r\n        <img loading=\"lazy\" decoding=\"async\" width=\"1085\" height=\"899\" src=\"https:\/\/silfvastasholidayhomes.fi\/wp-content\/uploads\/2024\/03\/ullan-ranta-2022-e1665506695572.jpg\" class=\"attachment-1536\u00d71536 size-1536\u00d71536\" alt=\"Juhannusta viett\u00e4m\u00e4ss\u00e4 ilta-auringossa\" srcset=\"https:\/\/silfvastasholidayhomes.fi\/wp-content\/uploads\/2024\/03\/ullan-ranta-2022-e1665506695572.jpg 1085w, https:\/\/silfvastasholidayhomes.fi\/wp-content\/uploads\/2024\/03\/ullan-ranta-2022-e1665506695572-300x249.jpg 300w, https:\/\/silfvastasholidayhomes.fi\/wp-content\/uploads\/2024\/03\/ullan-ranta-2022-e1665506695572-1024x848.jpg 1024w, https:\/\/silfvastasholidayhomes.fi\/wp-content\/uploads\/2024\/03\/ullan-ranta-2022-e1665506695572-768x636.jpg 768w\" sizes=\"auto, (max-width: 1085px) 100vw, 1085px\" \/>\r\n        \r\n            <div class=\"site-banner-content container\">\r\n                <div class=\"row w-100\">\r\n                    <div class=\"col-md-12\">\r\n\r\n                        <h1 class=\"hero-title\">Rental cottages in Eastern Uusimaa Silfvastas Holiday Homes<\/h1><div class=\"inner-content\">\r\n                            <div class=\"acf-innerblocks-container\">\n\n<p>Good is always worth paying for!<\/p>\n\n<\/div>\r\n                        <\/div>                    <\/div>\r\n                <\/div>\r\n            <\/div>\r\n        \r\n        <\/div><\/section>\n\n\n<div class=\"wp-block-group alignfull has-blue-background-color has-background\"><div class=\"wp-block-group__inner-container is-layout-constrained wp-block-group-is-layout-constrained\">\n<div class=\"wp-block-columns is-style-narrow is-layout-flex wp-container-core-columns-is-layout-9d6595d7 wp-block-columns-is-layout-flex\">\n<div class=\"wp-block-column is-layout-flow wp-block-column-is-layout-flow\">\n<h2 class=\"wp-block-heading has-text-align-center has-white-color has-text-color has-link-color wp-elements-573032fb3b2c485afc48d21d2fcb9e21\">Pricing<\/h2>\n<\/div>\n<\/div>\n<\/div><\/div>\n\n\n<h2 id=\"tablepress-5-name\" class=\"tablepress-table-name tablepress-table-name-id-5\">Basic period<\/h2>\n\n<table id=\"tablepress-5\" class=\"tablepress tablepress-id-5\" aria-labelledby=\"tablepress-5-name\">\n<thead>\n<tr class=\"row-1\">\n\t<th class=\"column-1\">Time period<\/th><th class=\"column-2\">Weekday <br>(Mon-Fri)<\/th><th class=\"column-3\">Weekend <br>(Fri-Sun) (2 vrk)<\/th><th class=\"column-4\">Week<br>(7 days)<\/th><th class=\"column-5\">2 weeks<br>(14 days)<\/th><th class=\"column-6\">3 weeks<br>(21 days)<\/th><th class=\"column-7\">4 weeks<br>(28 days)<\/th>\n<\/tr>\n<\/thead>\n<tbody class=\"row-striping row-hover\">\n<tr class=\"row-2\">\n\t<td class=\"column-1\">January - May<\/td><td class=\"column-2\">132 \u20ac<\/td><td class=\"column-3\">288 \u20ac<\/td><td class=\"column-4\">638 \u20ac<\/td><td class=\"column-5\">922 \u20ac<\/td><td class=\"column-6\">1070 \u20ac<\/td><td class=\"column-7\">1164 \u20ac<\/td>\n<\/tr>\n<tr class=\"row-3\">\n\t<td class=\"column-1\">June - August<\/td><td class=\"column-2\">155 \u20ac<\/td><td class=\"column-3\">336 \u20ac<\/td><td class=\"column-4\">749 \u20ac<\/td><td class=\"column-5\">1083 \u20ac<\/td><td class=\"column-6\">1256 \u20ac<\/td><td class=\"column-7\">1367 \u20ac<\/td>\n<\/tr>\n<tr class=\"row-4\">\n\t<td class=\"column-1\">September - December<\/td><td class=\"column-2\">132 \u20ac<\/td><td class=\"column-3\">288 \u20ac<\/td><td class=\"column-4\">638 \u20ac<\/td><td class=\"column-5\">922 \u20ac<\/td><td class=\"column-6\">1070 \u20ac<\/td><td class=\"column-7\">1164 \u20ac<\/td>\n<\/tr>\n<\/tbody>\n<\/table>\n\n\n\n<h2 id=\"tablepress-6-name\" class=\"tablepress-table-name tablepress-table-name-id-6\">special prices<\/h2>\n\n<table id=\"tablepress-6\" class=\"tablepress tablepress-id-6\" aria-labelledby=\"tablepress-6-name\">\n<thead>\n<tr class=\"row-1\">\n\t<th class=\"column-1\">Time period<\/th><th class=\"column-2\">Week day<br>(Mon-Fri)<\/th><th class=\"column-3\">Weekend<br>(Fri-Sun) (2 days)<\/th><th class=\"column-4\">Week<br>(7 days)<\/th>\n<\/tr>\n<\/thead>\n<tbody class=\"row-striping row-hover\">\n<tr class=\"row-2\">\n\t<td class=\"column-1\">Ski vacation(weeks 8 - 10)<\/td><td class=\"column-2\">142 \u20ac<\/td><td class=\"column-3\">312 \u20ac<\/td><td class=\"column-4\">664 \u20ac<\/td>\n<\/tr>\n<tr class=\"row-3\">\n\t<td class=\"column-1\">Autumn vacation (weeks 40-42)<\/td><td class=\"column-2\">142 \u20ac<\/td><td class=\"column-3\">312 \u20ac<\/td><td class=\"column-4\">664 \u20ac<\/td>\n<\/tr>\n<\/tbody>\n<\/table>\n\n\n\n<h2 id=\"tablepress-7-name\" class=\"tablepress-table-name tablepress-table-name-id-7\">Celebrations of the year<\/h2>\n\n<table id=\"tablepress-7\" class=\"tablepress tablepress-id-7\" aria-labelledby=\"tablepress-7-name\">\n<thead>\n<tr class=\"row-1\">\n\t<th class=\"column-1\">Celebration<\/th><th class=\"column-2\">Week day <br>(Mon-Fri)<\/th><th class=\"column-3\">Weekend<br>(Fri-Sun) (2 days)<\/th>\n<\/tr>\n<\/thead>\n<tbody class=\"row-striping row-hover\">\n<tr class=\"row-2\">\n\t<td class=\"column-1\">Easter<\/td><td class=\"column-2\">170 \u20ac<\/td><td class=\"column-3\">525 \u20ac<\/td>\n<\/tr>\n<tr class=\"row-3\">\n\t<td class=\"column-1\">Midsummer<\/td><td class=\"column-2\">175 \u20ac<\/td><td class=\"column-3\">525 \u20ac<\/td>\n<\/tr>\n<tr class=\"row-4\">\n\t<td class=\"column-1\">Christmas, New year<\/td><td class=\"column-2\">175 \u20ac<\/td><td class=\"column-3\">525 \u20ac<\/td>\n<\/tr>\n<\/tbody>\n<\/table>\n\n\n\n\n<div class=\"wp-block-columns is-layout-flex wp-container-core-columns-is-layout-9d6595d7 wp-block-columns-is-layout-flex\">\n<div class=\"wp-block-column is-layout-flow wp-block-column-is-layout-flow\">\n<p>*<br>Easter week 16<br>Midsummer 21. \u2013 24.6.2024<br>Christmas 23. \u2013 26.12.2024 tai 24. \u2013 27.12.2024<br>New Year 30.12.2024 \u2013 2.1.2025<\/p>\n<\/div>\n<\/div>\n\n\n\n<div class=\"wp-block-columns is-layout-flex wp-container-core-columns-is-layout-9d6595d7 wp-block-columns-is-layout-flex\">\n<div class=\"wp-block-column is-layout-flow wp-block-column-is-layout-flow\">\n<h3 class=\"wp-block-heading\">THE RENTAL PRICE INCLUDES<\/h3>\n\n\n\n<ul class=\"wp-block-list\">\n<li>Bed linen (pillows, mattresses, blankets)<\/li>\n\n\n\n<li>Towels, bath towels<\/li>\n\n\n\n<li>Parking in the yard<\/li>\n\n\n\n<li>Internet connection (wi-fi)<\/li>\n\n\n\n<li>Final cleaning (customer takes care of dishes, collects rubbish, removes rental sheets from the beds)<\/li>\n\n\n\n<li>Use of sauna (chair cover, shampoo and soap; heating agreed)<\/li>\n\n\n\n<li>Use of the grill housing (+1 carbon bag, lighter fluid)<\/li>\n\n\n\n<li>Use of garden games (badminton, dartboard, croquet, basketball, frisbee golf, football, basketball)<\/li>\n\n\n\n<li>Use of a library, a piano, boargames<\/li>\n\n\n\n<li>Use of bicycles, walking sticks and rowing boat (life jackets)<\/li>\n<\/ul>\n<\/div>\n<\/div>\n\n\n<h2 id=\"tablepress-8-name\" class=\"tablepress-table-name tablepress-table-name-id-8\">Separately paid (credid card, bank account)<\/h2>\n\n<table id=\"tablepress-8\" class=\"tablepress tablepress-id-8\" aria-labelledby=\"tablepress-8-name\">\n<thead>\n<tr class=\"row-1\">\n\t<td class=\"column-1\"><\/td><th class=\"column-2\">Price<\/th>\n<\/tr>\n<\/thead>\n<tbody class=\"row-striping row-hover\">\n<tr class=\"row-2\">\n\t<td class=\"column-1\">Pets<\/td><td class=\"column-2\">30 \u20ac \/ stay<\/td>\n<\/tr>\n<tr class=\"row-3\">\n\t<td class=\"column-1\">Sheets and pillowcases (mandatory in beds)<\/td><td class=\"column-2\">8 \u20ac \/ a set<\/td>\n<\/tr>\n<tr class=\"row-4\">\n\t<td class=\"column-1\">Use of washing machine (+ detergent) <\/td><td class=\"column-2\">5 \u20ac \/ a wash<\/td>\n<\/tr>\n<tr class=\"row-5\">\n\t<td class=\"column-1\">Separate rental of the sauna (max 2 h, 10 people) <\/td><td class=\"column-2\">50 \u20ac\/h + 10 \u20ac\/ a person<\/td>\n<\/tr>\n<tr class=\"row-6\">\n\t<td class=\"column-1\">Later departure (P.M. 18-20) <\/td><td class=\"column-2\">65 \u20ac<\/td>\n<\/tr>\n<\/tbody>\n<\/table>\n\n","protected":false},"excerpt":{"rendered":"<p>Pricing *Easter week 16Midsummer 21. \u2013 24.6.2024Christmas 23. \u2013 26.12.2024 tai 24. \u2013 27.12.2024New Year 30.12.2024 \u2013 2.1.2025 THE RENTAL PRICE INCLUDES<\/p>\n","protected":false},"author":1,"featured_media":0,"parent":0,"menu_order":0,"comment_status":"closed","ping_status":"closed","template":"","meta":{"_acf_changed":false,"footnotes":""},"class_list":["post-5430","page","type-page","status-publish","hentry"],"acf":[],"aioseo_notices":[],"_links":{"self":[{"href":"https:\/\/silfvastasholidayhomes.fi\/en\/wp-json\/wp\/v2\/pages\/5430","targetHints":{"allow":["GET"]}}],"collection":[{"href":"https:\/\/silfvastasholidayhomes.fi\/en\/wp-json\/wp\/v2\/pages"}],"about":[{"href":"https:\/\/silfvastasholidayhomes.fi\/en\/wp-json\/wp\/v2\/types\/page"}],"author":[{"embeddable":true,"href":"https:\/\/silfvastasholidayhomes.fi\/en\/wp-json\/wp\/v2\/users\/1"}],"replies":[{"embeddable":true,"href":"https:\/\/silfvastasholidayhomes.fi\/en\/wp-json\/wp\/v2\/comments?post=5430"}],"version-history":[{"count":0,"href":"https:\/\/silfvastasholidayhomes.fi\/en\/wp-json\/wp\/v2\/pages\/5430\/revisions"}],"wp:attachment":[{"href":"https:\/\/silfvastasholidayhomes.fi\/en\/wp-json\/wp\/v2\/media?parent=5430"}],"curies":[{"name":"wp","href":"https:\/\/api.w.org\/{rel}","templated":true}]}}