{"id":5397,"date":"2024-03-07T12:10:43","date_gmt":"2024-03-07T10:10:43","guid":{"rendered":"https:\/\/silfvastasholidayhomes.fi\/mokit\/"},"modified":"2024-05-24T15:02:02","modified_gmt":"2024-05-24T12:02:02","slug":"stugor","status":"publish","type":"page","link":"https:\/\/silfvastasholidayhomes.fi\/sv\/stugor\/","title":{"rendered":"Stugor"},"content":{"rendered":"\r\n\r\n<section class=\"hero site-banner banner-bg-image section-image-only  alignfull image\">\r\n\r\n    <div class=\"site-banner-bg section-bg-image \" >\r\n\r\n        <img loading=\"lazy\" decoding=\"async\" width=\"1920\" height=\"1184\" src=\"https:\/\/silfvastasholidayhomes.fi\/wp-content\/uploads\/2024\/03\/mokit-silfvastasholidayhomes.jpg\" class=\"attachment-1536\u00d71536 size-1536\u00d71536\" alt=\"\" srcset=\"https:\/\/silfvastasholidayhomes.fi\/wp-content\/uploads\/2024\/03\/mokit-silfvastasholidayhomes.jpg 1920w, https:\/\/silfvastasholidayhomes.fi\/wp-content\/uploads\/2024\/03\/mokit-silfvastasholidayhomes-300x185.jpg 300w, https:\/\/silfvastasholidayhomes.fi\/wp-content\/uploads\/2024\/03\/mokit-silfvastasholidayhomes-1024x631.jpg 1024w, https:\/\/silfvastasholidayhomes.fi\/wp-content\/uploads\/2024\/03\/mokit-silfvastasholidayhomes-768x474.jpg 768w, https:\/\/silfvastasholidayhomes.fi\/wp-content\/uploads\/2024\/03\/mokit-silfvastasholidayhomes-1536x947.jpg 1536w\" sizes=\"auto, (max-width: 1920px) 100vw, 1920px\" \/>\r\n        \r\n        <\/section>\n\n\n<div class=\"wp-block-group alignfull has-white-color has-blue-background-color has-text-color has-background has-link-color wp-elements-832edd548ffe7db5db8675d4c957cbad\"><div class=\"wp-block-group__inner-container is-layout-constrained wp-block-group-is-layout-constrained\">\n<div class=\"wp-block-columns is-style-narrow is-layout-flex wp-container-core-columns-is-layout-9d6595d7 wp-block-columns-is-layout-flex\">\n<div class=\"wp-block-column is-layout-flow wp-block-column-is-layout-flow\">\n<h2 class=\"wp-block-heading has-text-align-center has-white-color has-text-color has-link-color wp-elements-9a490a4125742d1e815caa67f3c55fbc\">Stugor<\/h2>\n<\/div>\n<\/div>\n<\/div><\/div>\n\n\n<div class=\"image-and-text wp-block has-media-on-the-left\">\r\n<div class=\"row\">\r\n    <div class=\"col-12 col-md-6 image-col\">\r\n\r\n        <img loading=\"lazy\" decoding=\"async\" width=\"800\" height=\"482\" src=\"https:\/\/silfvastasholidayhomes.fi\/wp-content\/uploads\/2024\/03\/villa-anne-silfvastas-holiday-homes.jpg\" class=\"attachment-large size-large\" alt=\"\" srcset=\"https:\/\/silfvastasholidayhomes.fi\/wp-content\/uploads\/2024\/03\/villa-anne-silfvastas-holiday-homes.jpg 1024w, https:\/\/silfvastasholidayhomes.fi\/wp-content\/uploads\/2024\/03\/villa-anne-silfvastas-holiday-homes-300x181.jpg 300w, https:\/\/silfvastasholidayhomes.fi\/wp-content\/uploads\/2024\/03\/villa-anne-silfvastas-holiday-homes-768x463.jpg 768w\" sizes=\"auto, (max-width: 800px) 100vw, 800px\" \/>    <\/div>\r\n\r\n    <div class=\"col-12 col-md-6 text-col has-background has-light-gray-background-color\"><div class=\"acf-innerblocks-container\">\n\n<h2 class=\"wp-block-heading\">Stugan Villa Anne<\/h2>\n\n\n\n<p>Timmerstuga (60m2), boytan ligger p\u00e5 tv\u00e5 v\u00e5ningar.<\/p>\n\n\n\n<div class=\"wp-block-button\"><a class=\"wp-block-button__link wp-element-button\" href=\"https:\/\/silfvastasholidayhomes.varauskalenteri.fi\/villa-anne\/\" target=\"_blank\" rel=\"noreferrer noopener\">Online bokning<\/a><\/div>\n\n\n\n<div style=\"height:25px\" aria-hidden=\"true\" class=\"wp-block-spacer\"><\/div>\n\n\n\n<div class=\"wp-block-button\"><a class=\"wp-block-button__link wp-element-button\" href=\"https:\/\/silfvastasholidayhomes.fi\/sv\/villa-anne-kaksikerroksinen-hirsimokki\/\">L\u00e4s mer<\/a><\/div>\n\n<\/div>\r\n<\/div>\r\n<\/div>\r\n<\/div>\n\n<div class=\"image-and-text wp-block has-media-on-the-right\">\r\n<div class=\"row\">\r\n    <div class=\"col-12 col-md-6 image-col\">\r\n\r\n        <img loading=\"lazy\" decoding=\"async\" width=\"800\" height=\"482\" src=\"https:\/\/silfvastasholidayhomes.fi\/wp-content\/uploads\/2024\/03\/villa-henna-silfvastas-holiday-homes.jpg\" class=\"attachment-large size-large\" alt=\"\" srcset=\"https:\/\/silfvastasholidayhomes.fi\/wp-content\/uploads\/2024\/03\/villa-henna-silfvastas-holiday-homes.jpg 1024w, https:\/\/silfvastasholidayhomes.fi\/wp-content\/uploads\/2024\/03\/villa-henna-silfvastas-holiday-homes-300x181.jpg 300w, https:\/\/silfvastasholidayhomes.fi\/wp-content\/uploads\/2024\/03\/villa-henna-silfvastas-holiday-homes-768x463.jpg 768w\" sizes=\"auto, (max-width: 800px) 100vw, 800px\" \/>    <\/div>\r\n\r\n    <div class=\"col-12 col-md-6 text-col has-background has-light-gray-background-color\"><div class=\"acf-innerblocks-container\">\n\n<h2 class=\"wp-block-heading\">Stugan Villa Henna<\/h2>\n\n\n\n<p>Hyres stugan Villa Henna (45 m2), boytan ligger p\u00e5 en v\u00e5ning.<\/p>\n\n\n\n<div class=\"wp-block-button\"><a class=\"wp-block-button__link wp-element-button\" href=\"https:\/\/silfvastasholidayhomes.varauskalenteri.fi\/villa-henna\/\" target=\"_blank\" rel=\"noreferrer noopener\">Online bokning<\/a><\/div>\n\n\n\n<div style=\"height:25px\" aria-hidden=\"true\" class=\"wp-block-spacer\"><\/div>\n\n\n\n<div class=\"wp-block-button\"><a class=\"wp-block-button__link wp-element-button\" href=\"https:\/\/silfvastasholidayhomes.fi\/sv\/lomamokki-villa-henna\/\">L\u00e4s mer<\/a><\/div>\n\n<\/div>\r\n<\/div>\r\n<\/div>\r\n<\/div>\n\n<div class=\"image-and-text wp-block has-media-on-the-left\">\r\n<div class=\"row\">\r\n    <div class=\"col-12 col-md-6 image-col\">\r\n\r\n        <img loading=\"lazy\" decoding=\"async\" width=\"800\" height=\"482\" src=\"https:\/\/silfvastasholidayhomes.fi\/wp-content\/uploads\/2024\/03\/apartment-honey-1024x617-1.jpg\" class=\"attachment-large size-large\" alt=\"\" srcset=\"https:\/\/silfvastasholidayhomes.fi\/wp-content\/uploads\/2024\/03\/apartment-honey-1024x617-1.jpg 1024w, https:\/\/silfvastasholidayhomes.fi\/wp-content\/uploads\/2024\/03\/apartment-honey-1024x617-1-300x181.jpg 300w, https:\/\/silfvastasholidayhomes.fi\/wp-content\/uploads\/2024\/03\/apartment-honey-1024x617-1-768x463.jpg 768w\" sizes=\"auto, (max-width: 800px) 100vw, 800px\" \/>    <\/div>\r\n\r\n    <div class=\"col-12 col-md-6 text-col has-background has-light-gray-background-color\"><div class=\"acf-innerblocks-container\">\n\n<h2 class=\"wp-block-heading\">Semesterl\u00e4genhet Honey<\/h2>\n\n\n\n<p>En separat l\u00e4genhet (70m2), boytan \u00e4r p\u00e5 en v\u00e5ning.<\/p>\n\n\n\n<div class=\"wp-block-button\"><a class=\"wp-block-button__link wp-element-button\" href=\"https:\/\/silfvastasholidayhomes.varauskalenteri.fi\/lomahuoneisto-honey\/\" target=\"_blank\" rel=\"noreferrer noopener\">Online bokning<\/a><\/div>\n\n\n\n<div style=\"height:25px\" aria-hidden=\"true\" class=\"wp-block-spacer\"><\/div>\n\n\n\n<div class=\"wp-block-button\"><a class=\"wp-block-button__link wp-element-button\" href=\"https:\/\/silfvastasholidayhomes.fi\/sv\/lomahuoneisto-honey\/\">L\u00e4s mer<\/a><\/div>\n\n<\/div>\r\n<\/div>\r\n<\/div>\r\n<\/div>\n\n<div class=\"image-and-text wp-block has-media-on-the-right\">\r\n<div class=\"row\">\r\n    <div class=\"col-12 col-md-6 image-col\">\r\n\r\n        <img loading=\"lazy\" decoding=\"async\" width=\"800\" height=\"482\" src=\"https:\/\/silfvastasholidayhomes.fi\/wp-content\/uploads\/2024\/03\/sauna-silfvastas-holiday-homes.jpg\" class=\"attachment-large size-large\" alt=\"\" srcset=\"https:\/\/silfvastasholidayhomes.fi\/wp-content\/uploads\/2024\/03\/sauna-silfvastas-holiday-homes.jpg 1024w, https:\/\/silfvastasholidayhomes.fi\/wp-content\/uploads\/2024\/03\/sauna-silfvastas-holiday-homes-300x181.jpg 300w, https:\/\/silfvastasholidayhomes.fi\/wp-content\/uploads\/2024\/03\/sauna-silfvastas-holiday-homes-768x463.jpg 768w\" sizes=\"auto, (max-width: 800px) 100vw, 800px\" \/>    <\/div>\r\n\r\n    <div class=\"col-12 col-md-6 text-col has-background has-light-gray-background-color\"><div class=\"acf-innerblocks-container\">\n\n<h2 class=\"wp-block-heading\">Sauna<\/h2>\n\n\n\n<p>Bastun \u00e4r en separat timmerstuga och den v\u00e4rms upp med ved.<\/p>\n\n\n\n<div class=\"wp-block-button\"><a class=\"wp-block-button__link wp-element-button\" href=\"https:\/\/silfvastasholidayhomes.fi\/sv\/sauna\/\">L\u00e4s mer<\/a><\/div>\n\n<\/div>\r\n<\/div>\r\n<\/div>\r\n<\/div>","protected":false},"excerpt":{"rendered":"<p>Stugor<\/p>\n","protected":false},"author":1,"featured_media":0,"parent":0,"menu_order":0,"comment_status":"closed","ping_status":"closed","template":"","meta":{"_acf_changed":false,"footnotes":""},"class_list":["post-5397","page","type-page","status-publish","hentry"],"acf":[],"aioseo_notices":[],"_links":{"self":[{"href":"https:\/\/silfvastasholidayhomes.fi\/sv\/wp-json\/wp\/v2\/pages\/5397","targetHints":{"allow":["GET"]}}],"collection":[{"href":"https:\/\/silfvastasholidayhomes.fi\/sv\/wp-json\/wp\/v2\/pages"}],"about":[{"href":"https:\/\/silfvastasholidayhomes.fi\/sv\/wp-json\/wp\/v2\/types\/page"}],"author":[{"embeddable":true,"href":"https:\/\/silfvastasholidayhomes.fi\/sv\/wp-json\/wp\/v2\/users\/1"}],"replies":[{"embeddable":true,"href":"https:\/\/silfvastasholidayhomes.fi\/sv\/wp-json\/wp\/v2\/comments?post=5397"}],"version-history":[{"count":0,"href":"https:\/\/silfvastasholidayhomes.fi\/sv\/wp-json\/wp\/v2\/pages\/5397\/revisions"}],"wp:attachment":[{"href":"https:\/\/silfvastasholidayhomes.fi\/sv\/wp-json\/wp\/v2\/media?parent=5397"}],"curies":[{"name":"wp","href":"https:\/\/api.w.org\/{rel}","templated":true}]}}