{"id":5431,"date":"2024-03-07T12:11:00","date_gmt":"2024-03-07T10:11:00","guid":{"rendered":"https:\/\/silfvastasholidayhomes.fi\/hinnasto\/"},"modified":"2025-03-03T11:11:02","modified_gmt":"2025-03-03T09:11:02","slug":"priser","status":"publish","type":"page","link":"https:\/\/silfvastasholidayhomes.fi\/sv\/priser\/","title":{"rendered":"Priser"},"content":{"rendered":"\r\n\r\n<section class=\"hero site-banner banner-bg-image section-default default alignfull image\">\r\n\r\n    <div class=\"site-banner-bg section-bg-image \" >\r\n\r\n        <img loading=\"lazy\" decoding=\"async\" width=\"1085\" height=\"899\" src=\"https:\/\/silfvastasholidayhomes.fi\/wp-content\/uploads\/2024\/03\/ullan-ranta-2022-e1665506695572.jpg\" class=\"attachment-1536\u00d71536 size-1536\u00d71536\" alt=\"Juhannusta viett\u00e4m\u00e4ss\u00e4 ilta-auringossa\" srcset=\"https:\/\/silfvastasholidayhomes.fi\/wp-content\/uploads\/2024\/03\/ullan-ranta-2022-e1665506695572.jpg 1085w, https:\/\/silfvastasholidayhomes.fi\/wp-content\/uploads\/2024\/03\/ullan-ranta-2022-e1665506695572-300x249.jpg 300w, https:\/\/silfvastasholidayhomes.fi\/wp-content\/uploads\/2024\/03\/ullan-ranta-2022-e1665506695572-1024x848.jpg 1024w, https:\/\/silfvastasholidayhomes.fi\/wp-content\/uploads\/2024\/03\/ullan-ranta-2022-e1665506695572-768x636.jpg 768w\" sizes=\"auto, (max-width: 1085px) 100vw, 1085px\" \/>\r\n        \r\n            <div class=\"site-banner-content container\">\r\n                <div class=\"row w-100\">\r\n                    <div class=\"col-md-12\">\r\n\r\n                        <h1 class=\"hero-title\">Stugor uthyres i \u00d6stra Nyland Silfvastas Holiday Homes<\/h1><div class=\"inner-content\">\r\n                            <div class=\"acf-innerblocks-container\">\n\n<p>Det \u00e4r alltid v\u00e4rt att betala f\u00f6r gott!<\/p>\n\n<\/div>\r\n                        <\/div>                    <\/div>\r\n                <\/div>\r\n            <\/div>\r\n        \r\n        <\/div><\/section>\n\n\n<div class=\"wp-block-group alignfull has-blue-background-color has-background\"><div class=\"wp-block-group__inner-container is-layout-constrained wp-block-group-is-layout-constrained\">\n<div class=\"wp-block-columns is-style-narrow is-layout-flex wp-container-core-columns-is-layout-9d6595d7 wp-block-columns-is-layout-flex\">\n<div class=\"wp-block-column is-layout-flow wp-block-column-is-layout-flow\">\n<h2 class=\"wp-block-heading has-text-align-center has-white-color has-text-color has-link-color wp-elements-5c7b31310dca006bd73f181f941c0912\">Priser<\/h2>\n<\/div>\n<\/div>\n<\/div><\/div>\n\n\n<h2 id=\"tablepress-9-name\" class=\"tablepress-table-name tablepress-table-name-id-9\">Grundpriser<\/h2>\n\n<table id=\"tablepress-9\" class=\"tablepress tablepress-id-9\" aria-labelledby=\"tablepress-9-name\">\n<thead>\n<tr class=\"row-1\">\n\t<th class=\"column-1\">Period<\/th><th class=\"column-2\">Veckodag<br \/>\n(m\u00e5n-fre)<\/th><th class=\"column-3\">Veckoslut<br \/>\n(fre-s\u00f6n)<\/th><th class=\"column-4\">Vecka<br \/>\n(7 dygn)<\/th><th class=\"column-5\">2 veckor<br \/>\n(14 dygn)<\/th><th class=\"column-6\">3 veckor<br \/>\n(21 dygn)<\/th><th class=\"column-7\">4 veckor<br \/>\n(28 dygn)<\/th>\n<\/tr>\n<\/thead>\n<tbody class=\"row-striping row-hover\">\n<tr class=\"row-2\">\n\t<td class=\"column-1\">January - Maj <\/td><td class=\"column-2\">132 \u20ac<\/td><td class=\"column-3\">288 \u20ac<\/td><td class=\"column-4\">638 \u20ac<\/td><td class=\"column-5\">922 \u20ac<\/td><td class=\"column-6\">1070 \u20ac <\/td><td class=\"column-7\">1164 \u20ac<\/td>\n<\/tr>\n<tr class=\"row-3\">\n\t<td class=\"column-1\"> Juni - August <\/td><td class=\"column-2\">155 \u20ac<\/td><td class=\"column-3\">336 \u20ac<\/td><td class=\"column-4\">749 \u20ac<\/td><td class=\"column-5\">1083 \u20ac<\/td><td class=\"column-6\">1256 \u20ac<\/td><td class=\"column-7\">1367 \u20ac<\/td>\n<\/tr>\n<tr class=\"row-4\">\n\t<td class=\"column-1\"> September - December <\/td><td class=\"column-2\">132 \u20ac<\/td><td class=\"column-3\">288 \u20ac<\/td><td class=\"column-4\">638 \u20ac<\/td><td class=\"column-5\">922 \u20ac<\/td><td class=\"column-6\">1070 \u20ac<\/td><td class=\"column-7\">1164 \u20ac<\/td>\n<\/tr>\n<\/tbody>\n<\/table>\n<!-- #tablepress-9 from cache -->\n\n\n<h2 id=\"tablepress-10-name\" class=\"tablepress-table-name tablepress-table-name-id-10\">Specielpriser<\/h2>\n\n<table id=\"tablepress-10\" class=\"tablepress tablepress-id-10\" aria-labelledby=\"tablepress-10-name\">\n<thead>\n<tr class=\"row-1\">\n\t<th class=\"column-1\">Period<\/th><th class=\"column-2\">Veckodag<br \/>\n(m\u00e5n-fre) <\/th><th class=\"column-3\">Veckoslut<br \/>\n(fre-s\u00f6n) <\/th><th class=\"column-4\">Vecka<br \/>\n(7 dygn) <\/th>\n<\/tr>\n<\/thead>\n<tbody class=\"row-striping row-hover\">\n<tr class=\"row-2\">\n\t<td class=\"column-1\">Skidsemester (vko 8 - 10)<\/td><td class=\"column-2\">142 \u20ac<\/td><td class=\"column-3\">312 \u20ac<\/td><td class=\"column-4\">664 \u20ac<\/td>\n<\/tr>\n<tr class=\"row-3\">\n\t<td class=\"column-1\">H\u00f6stlov (vko 40-42)<\/td><td class=\"column-2\">142 \u20ac<\/td><td class=\"column-3\">312 \u20ac<\/td><td class=\"column-4\">664 \u20ac<\/td>\n<\/tr>\n<\/tbody>\n<\/table>\n<!-- #tablepress-10 from cache -->\n\n\n<h2 id=\"tablepress-11-name\" class=\"tablepress-table-name tablepress-table-name-id-11\">Specialpriser f\u00f6r \u00e5rliga h\u00f6gtider<\/h2>\n\n<table id=\"tablepress-11\" class=\"tablepress tablepress-id-11\" aria-labelledby=\"tablepress-11-name\">\n<thead>\n<tr class=\"row-1\">\n\t<td class=\"column-1\"><\/td><th class=\"column-2\">Dygn<\/th><th class=\"column-3\"> 3 dygnens paket * <\/th>\n<\/tr>\n<\/thead>\n<tbody class=\"row-striping row-hover\">\n<tr class=\"row-2\">\n\t<td class=\"column-1\"> P\u00e5sk<\/td><td class=\"column-2\">170 \u20ac<\/td><td class=\"column-3\">525 \u20ac<\/td>\n<\/tr>\n<tr class=\"row-3\">\n\t<td class=\"column-1\">Midsommar<\/td><td class=\"column-2\">175 \u20ac<\/td><td class=\"column-3\">525 \u20ac<\/td>\n<\/tr>\n<tr class=\"row-4\">\n\t<td class=\"column-1\"> Jul och Ny\u00e5r <\/td><td class=\"column-2\">175 \u20ac<\/td><td class=\"column-3\">525 \u20ac<\/td>\n<\/tr>\n<\/tbody>\n<\/table>\n<!-- #tablepress-11 from cache -->\n\n\n\n<div class=\"wp-block-columns is-layout-flex wp-container-core-columns-is-layout-9d6595d7 wp-block-columns-is-layout-flex\">\n<div class=\"wp-block-column is-layout-flow wp-block-column-is-layout-flow\">\n<p>*<br>P\u00e5sk vecka 16<br>Midsommar 21. \u2013 24.6.2024<br>Jul 23. \u2013 26.12.2024 eller 24. \u2013 27.12.2024<br>Ny\u00e5r 30.12.2024 \u2013 2.1.2025<\/p>\n<\/div>\n<\/div>\n\n\n\n<div class=\"wp-block-columns is-layout-flex wp-container-core-columns-is-layout-9d6595d7 wp-block-columns-is-layout-flex\">\n<div class=\"wp-block-column is-layout-flow wp-block-column-is-layout-flow\">\n<h3 class=\"wp-block-heading\">Boendepriset inkluderar<\/h3>\n\n\n\n<ul class=\"wp-block-list\">\n<li>S\u00e4ngkl\u00e4der (kuddar, madrasser, filtar)<\/li>\n\n\n\n<li>Handdukar, badhanddukar<\/li>\n\n\n\n<li>Parkering p\u00e5 g\u00e5rden<\/li>\n\n\n\n<li>Internetanslutning (wi-fi)<\/li>\n\n\n\n<li>Slutst\u00e4dning (kund tar hand om diskar, samlar skr\u00e4p, tar bort hyreslakan fr\u00e5n s\u00e4ngarna)<\/li>\n\n\n\n<li>Anv\u00e4ndning av bastu (stols\u00f6verdrag, schampon och tv\u00e5l; uppv\u00e4rmning \u00f6verenskommes)<\/li>\n\n\n\n<li>Anv\u00e4ndning av grillhuset (+1 kolp\u00e5se, t\u00e4ndv\u00e4tska)<\/li>\n\n\n\n<li>Anv\u00e4ndning av tr\u00e4dg\u00e5rdsspel (badminton, darttavla, krocket, basket, frisbeegolf, fotboll, basket)<\/li>\n\n\n\n<li>Anv\u00e4ndning av cyklar, promenadk\u00e4ppar och roddb\u00e5t (flytv\u00e4star)<\/li>\n\n\n\n<li>Anv\u00e4ndning av b\u00f6cker, br\u00e4dspel, piano<\/li>\n<\/ul>\n<\/div>\n<\/div>\n\n\n<h2 id=\"tablepress-12-name\" class=\"tablepress-table-name tablepress-table-name-id-12\">Betalas separat (koravgift, bank\u00f6verf\u00f6ring)<\/h2>\n\n<table id=\"tablepress-12\" class=\"tablepress tablepress-id-12\" aria-labelledby=\"tablepress-12-name\">\n<thead>\n<tr class=\"row-1\">\n\t<td class=\"column-1\"><\/td><th class=\"column-2\">Hinta<\/th>\n<\/tr>\n<\/thead>\n<tbody class=\"row-striping row-hover\">\n<tr class=\"row-2\">\n\t<td class=\"column-1\">S\u00e4llskapsdjur<\/td><td class=\"column-2\">30 \u20ac \/ vistelse<\/td>\n<\/tr>\n<tr class=\"row-3\">\n\t<td class=\"column-1\">Lakan och \u00f6rngott (obligatoriskt i s\u00e4ngar) <\/td><td class=\"column-2\">8 \u20ac \/ person<\/td>\n<\/tr>\n<tr class=\"row-4\">\n\t<td class=\"column-1\">Anv\u00e4ndning av tv\u00e4ttmaskin (+ tv\u00e4ttmedel) <\/td><td class=\"column-2\">5 \u20ac \/ tv\u00e4tt<\/td>\n<\/tr>\n<tr class=\"row-5\">\n\t<td class=\"column-1\">Separat uthyrning av bastun (max 2 h, 10 personer)<\/td><td class=\"column-2\">50 \u20ac\/t + 10 \u20ac\/ person<\/td>\n<\/tr>\n<tr class=\"row-6\">\n\t<td class=\"column-1\">Senare avresning (kl 18-20) <\/td><td class=\"column-2\">65 \u20ac<\/td>\n<\/tr>\n<\/tbody>\n<\/table>\n<!-- #tablepress-12 from cache -->\n","protected":false},"excerpt":{"rendered":"<p>Priser *P\u00e5sk vecka 16Midsommar 21. \u2013 24.6.2024Jul 23. \u2013 26.12.2024 eller 24. \u2013 27.12.2024Ny\u00e5r 30.12.2024 \u2013 2.1.2025 Boendepriset inkluderar<\/p>\n","protected":false},"author":1,"featured_media":0,"parent":0,"menu_order":0,"comment_status":"closed","ping_status":"closed","template":"","meta":{"_acf_changed":false,"footnotes":""},"class_list":["post-5431","page","type-page","status-publish","hentry"],"acf":[],"aioseo_notices":[],"_links":{"self":[{"href":"https:\/\/silfvastasholidayhomes.fi\/sv\/wp-json\/wp\/v2\/pages\/5431","targetHints":{"allow":["GET"]}}],"collection":[{"href":"https:\/\/silfvastasholidayhomes.fi\/sv\/wp-json\/wp\/v2\/pages"}],"about":[{"href":"https:\/\/silfvastasholidayhomes.fi\/sv\/wp-json\/wp\/v2\/types\/page"}],"author":[{"embeddable":true,"href":"https:\/\/silfvastasholidayhomes.fi\/sv\/wp-json\/wp\/v2\/users\/1"}],"replies":[{"embeddable":true,"href":"https:\/\/silfvastasholidayhomes.fi\/sv\/wp-json\/wp\/v2\/comments?post=5431"}],"version-history":[{"count":0,"href":"https:\/\/silfvastasholidayhomes.fi\/sv\/wp-json\/wp\/v2\/pages\/5431\/revisions"}],"wp:attachment":[{"href":"https:\/\/silfvastasholidayhomes.fi\/sv\/wp-json\/wp\/v2\/media?parent=5431"}],"curies":[{"name":"wp","href":"https:\/\/api.w.org\/{rel}","templated":true}]}}