{"id":5472,"date":"2024-03-07T12:11:16","date_gmt":"2024-03-07T10:11:16","guid":{"rendered":"https:\/\/silfvastasholidayhomes.fi\/asiakasarviot\/"},"modified":"2024-05-24T15:56:35","modified_gmt":"2024-05-24T12:56:35","slug":"kundkommentarer","status":"publish","type":"page","link":"https:\/\/silfvastasholidayhomes.fi\/sv\/kundkommentarer\/","title":{"rendered":"Kundkommentarer"},"content":{"rendered":"\r\n\r\n<section class=\"hero site-banner banner-bg-image section-default default alignfull image\">\r\n\r\n    <div class=\"site-banner-bg section-bg-image \" >\r\n\r\n        <img loading=\"lazy\" decoding=\"async\" width=\"1100\" height=\"838\" src=\"https:\/\/silfvastasholidayhomes.fi\/wp-content\/uploads\/2024\/03\/silfvastas-asiakkaiden-palautteita.jpg\" class=\"attachment-1536\u00d71536 size-1536\u00d71536\" alt=\"\" srcset=\"https:\/\/silfvastasholidayhomes.fi\/wp-content\/uploads\/2024\/03\/silfvastas-asiakkaiden-palautteita.jpg 1100w, https:\/\/silfvastasholidayhomes.fi\/wp-content\/uploads\/2024\/03\/silfvastas-asiakkaiden-palautteita-300x229.jpg 300w, https:\/\/silfvastasholidayhomes.fi\/wp-content\/uploads\/2024\/03\/silfvastas-asiakkaiden-palautteita-1024x780.jpg 1024w, https:\/\/silfvastasholidayhomes.fi\/wp-content\/uploads\/2024\/03\/silfvastas-asiakkaiden-palautteita-768x585.jpg 768w\" sizes=\"auto, (max-width: 1100px) 100vw, 1100px\" \/>\r\n        \r\n            <div class=\"site-banner-content container\">\r\n                <div class=\"row w-100\">\r\n                    <div class=\"col-md-12\">\r\n\r\n                        <h1 class=\"hero-title\">Erinomainen asiakasarvio on kuin kiitoskortti, jonka kaikki n\u00e4kev\u00e4t<\/h1><div class=\"inner-content\">\r\n                            <div class=\"acf-innerblocks-container\"><\/div>\r\n                        <\/div>                    <\/div>\r\n                <\/div>\r\n            <\/div>\r\n        \r\n        <\/div><\/section>\n\n\n<div class=\"wp-block-group alignfull has-blue-background-color has-background\"><div class=\"wp-block-group__inner-container is-layout-constrained wp-block-group-is-layout-constrained\">\n<div class=\"wp-block-columns is-style-narrow is-layout-flex wp-container-core-columns-is-layout-9d6595d7 wp-block-columns-is-layout-flex\">\n<div class=\"wp-block-column is-layout-flow wp-block-column-is-layout-flow\">\n<h2 class=\"wp-block-heading has-text-align-center has-white-color has-text-color has-link-color wp-elements-7c31e71902ca22f2012211249857f104\">Kundkommentarer<\/h2>\n<\/div>\n<\/div>\n<\/div><\/div>\n\n\n\n<div class=\"wp-block-columns is-style-narrow is-layout-flex wp-container-core-columns-is-layout-9d6595d7 wp-block-columns-is-layout-flex\">\n<div class=\"wp-block-column border is-layout-flow wp-block-column-is-layout-flow\">\n<div class=\"wp-block-columns is-style-default has-background is-layout-flex wp-container-core-columns-is-layout-9d6595d7 wp-block-columns-is-layout-flex\" style=\"background-color:#ffffffde\">\n<div class=\"wp-block-column is-layout-flow wp-block-column-is-layout-flow\" style=\"flex-basis:60%\">\n<h2 class=\"wp-block-heading has-black-color has-text-color has-link-color wp-elements-32b2a7403864af81c932370d3b2ddfba\">Du kan ocks\u00e5 f\u00f6lja kundkommentarer fr\u00e5n dessa l\u00e4nkar<\/h2>\n<\/div>\n\n\n\n<div class=\"wp-block-column is-layout-flow wp-block-column-is-layout-flow\">\n<div class=\"wp-block-buttons is-layout-flex wp-block-buttons-is-layout-flex\">\n<div class=\"wp-block-button\"><a class=\"wp-block-button__link wp-element-button\" href=\"https:\/\/www.booking.com\/hotel\/fi\/villa-anne-and-villa-henna.fi.html#tab-reviews\" target=\"_blank\" rel=\"noreferrer noopener\">www.booking.com<\/a><\/div>\n\n\n\n<div class=\"wp-block-button\"><a class=\"wp-block-button__link wp-element-button\" href=\"https:\/\/www.airbnb.fi\/users\/show\/274436860\" target=\"_blank\" rel=\"noreferrer noopener\">www.airbnb.fi<\/a><\/div>\n<\/div>\n<\/div>\n<\/div>\n<\/div>\n<\/div>\n\n\n\n<div class=\"wp-block-cover alignfull is-light asiakasarviot\"><span aria-hidden=\"true\" class=\"wp-block-cover__background has-white-background-color has-background-dim\"><\/span><img loading=\"lazy\" decoding=\"async\" width=\"1920\" height=\"1184\" class=\"wp-block-cover__image-background wp-image-4385\" alt=\"\" src=\"https:\/\/silfvastasholidayhomes.fi\/wp-content\/uploads\/2024\/03\/mokit-silfvastasholidayhomes.jpg\" data-object-fit=\"cover\" srcset=\"https:\/\/silfvastasholidayhomes.fi\/wp-content\/uploads\/2024\/03\/mokit-silfvastasholidayhomes.jpg 1920w, https:\/\/silfvastasholidayhomes.fi\/wp-content\/uploads\/2024\/03\/mokit-silfvastasholidayhomes-300x185.jpg 300w, https:\/\/silfvastasholidayhomes.fi\/wp-content\/uploads\/2024\/03\/mokit-silfvastasholidayhomes-1024x631.jpg 1024w, https:\/\/silfvastasholidayhomes.fi\/wp-content\/uploads\/2024\/03\/mokit-silfvastasholidayhomes-768x474.jpg 768w, https:\/\/silfvastasholidayhomes.fi\/wp-content\/uploads\/2024\/03\/mokit-silfvastasholidayhomes-1536x947.jpg 1536w\" sizes=\"auto, (max-width: 1920px) 100vw, 1920px\" \/><div class=\"wp-block-cover__inner-container is-layout-constrained wp-block-cover-is-layout-constrained\">\n<div class=\"wp-block-group\"><div class=\"wp-block-group__inner-container is-layout-flow wp-block-group-is-layout-flow\">\n<div class=\"wp-block-columns nosto-kuva-ja-teksti is-layout-flex wp-container-core-columns-is-layout-9d6595d7 wp-block-columns-is-layout-flex\">\n<div class=\"wp-block-column has-white-background-color has-background is-layout-flow wp-block-column-is-layout-flow\">\n<h2 class=\"wp-block-heading has-black-color has-text-color has-link-color wp-elements-a36c565cbfdafc8b5b372f26522a65ed\">Vuokram\u00f6kki Villa Henna 31.01.2023-01.01.2024<\/h2>\n\n\n\n<p class=\"has-black-color has-text-color has-link-color wp-elements-62b18c68c53770a4a29d28204edb335a\">Rauhallinen ja mukava uudenvuoden vastaanotto Villa Hennassa. Raketit poksahtelivat ymp\u00e4rill\u00e4, mutta terrierimme veteli tyynen\u00e4 unia pediss\u00e4\u00e4n. Is\u00e4nt\u00e4v\u00e4ki saunoi, poltteli takkaa ja sai ihailla aamulla kauniin pakkasaamun (-20C) auringonnousua pelloilla ja joella.<\/p>\n\n\n\n<p>Kiitos onnistuneesta lomasta!<\/p>\n\n\n\n<p class=\"has-black-color has-text-color has-link-color wp-elements-57ac838ef3f78ec84c8e1183416dada0\">T. Nora, Anssi ja Putte-terrieri Helsingist\u00e4<\/p>\n<\/div>\n\n\n\n<div class=\"wp-block-column has-white-background-color has-background is-layout-flow wp-block-column-is-layout-flow\">\n<h2 class=\"wp-block-heading has-black-color has-text-color has-link-color wp-elements-ffca1a74dfd2de88ac6c26230a832be3\">Vuokram\u00f6kki Villa Anne 03.-04.01.2024<\/h2>\n\n\n\n<p class=\"has-black-color has-text-color has-link-color wp-elements-a4c4e0b0f3dca8aeab0a6a3fc60d59b8\">Thanks for the wonderful <a href=\"https:\/\/silfvastasholidayhomes.fi\/sv\/mokit\/\" target=\"_blank\" rel=\"noopener\" title=\"M\u00f6kit\">place<\/a>. <a href=\"https:\/\/silfvastasholidayhomes.fi\/sv\/mokit\/sauna\/\" target=\"_blank\" rel=\"noopener\" title=\"Sauna\">Sauna<\/a> best!!!<\/p>\n\n\n\n<p class=\"has-black-color has-text-color has-link-color wp-elements-fb93403f5fc5eafe3a4d6a3eed33bd9e\">Viktoriia, Roman, Aleksandra<\/p>\n<\/div>\n\n\n\n<div class=\"wp-block-column has-white-background-color has-background is-layout-flow wp-block-column-is-layout-flow\">\n<h2 class=\"wp-block-heading has-black-color has-text-color has-link-color wp-elements-be4fac1c41b826d503574eecf2419f66\">Villa Henna 12.-17.11.2023<\/h2>\n\n\n\n<p class=\"has-black-color has-text-color has-link-color wp-elements-55f79a45ded8d8801f6da9b1b7442fa0\">T\u00e4ydellinen m\u00f6kki meille kolmelle olla s\u00e4hk\u00f6remonttia paossa. Seve- ja Dumle- koirat ja min\u00e4. Seve melkein 16 v. ja Dumle 12 v.<\/p>\n\n\n\n<p class=\"has-black-color has-text-color has-link-color wp-elements-be4f3efc67fc22f0e4f59ce968ccf410\">Lintuharrastajana paikka on erinomainen, vaikka n\u00e4inkin my\u00f6h\u00e4\u00e4n syksyll\u00e4 on jo hiljaisempaa. <a href=\"https:\/\/luontoportti.com\/t\/532\/merikotka\" target=\"_blank\" rel=\"noopener\" title=\"\">Merikotka<\/a>, <a href=\"https:\/\/luontoportti.com\/t\/740\/sinisuohaukka\" target=\"_blank\" rel=\"noopener\" title=\"\">sinisuohaukka<\/a> ja <a href=\"https:\/\/luontoportti.com\/t\/753\/teeri\" target=\"_blank\" rel=\"noopener\" title=\"\">teeri\u00e4<\/a> on kuitenkin jo n\u00e4kynyt. <a href=\"https:\/\/luontoportti.com\/t\/636\/peltopyy\" target=\"_blank\" rel=\"noopener\" title=\"\">Peltopyy<\/a> on pysytellyt piilossa! T\u00e4n\u00e4\u00e4n perjantaina paistoi aurinko ja mm. <a href=\"https:\/\/luontoportti.com\/t\/711\/uivelo\" target=\"_blank\" rel=\"noopener\" title=\"\">uiveloita<\/a> oli Lapinj\u00e4rvell\u00e4.<\/p>\n\n\n\n<p class=\"has-black-color has-text-color has-link-color wp-elements-428b350f8b0f9664201348e6177eed90\">Kiitos, oli hieno loma Pukarolla.<\/p>\n\n\n\n<p class=\"has-black-color has-text-color has-link-color wp-elements-50d8486f83b6c9bd1f8b65a66e1f1888\">Jyrki Kaila<\/p>\n<\/div>\n<\/div>\n\n\n\n<div style=\"height:40px\" aria-hidden=\"true\" class=\"wp-block-spacer\"><\/div>\n\n\n\n<div class=\"wp-block-columns nosto-kuva-ja-teksti is-layout-flex wp-container-core-columns-is-layout-9d6595d7 wp-block-columns-is-layout-flex\">\n<div class=\"wp-block-column has-white-background-color has-background is-layout-flow wp-block-column-is-layout-flow\">\n<h2 class=\"wp-block-heading has-black-color has-text-color has-link-color wp-elements-8d97a335db0d55541f788ead650fe93c\">Huoneisto Honey 05.-06.08.2023<\/h2>\n\n\n\n<p class=\"has-black-color has-text-color has-link-color wp-elements-8c87f0df6557b3dd47c2e687e3f0999b\">We loved it here last year, we loved our stay this year and we hope to come back next year.<\/p>\n\n\n\n<p class=\"has-black-color has-text-color has-link-color wp-elements-044832f96126c5f362af28bd9c3cc4bc\">Kiitos! Silke, Sienna ja Marla<\/p>\n\n\n\n<p class=\"has-black-color has-text-color has-link-color wp-elements-586a1d7202a720e91e592c7652842c81\">Viime vuonna olimme t\u00e4\u00e4ll\u00e4, rakastamme olemistamme t\u00e4\u00e4ll\u00e4 t\u00e4n\u00e4kin vuonna ja toivomme tulevamme takaisin ensi vuonna.<\/p>\n<\/div>\n\n\n\n<div class=\"wp-block-column has-white-background-color has-background is-layout-flow wp-block-column-is-layout-flow\">\n<h2 class=\"wp-block-heading has-black-color has-text-color has-link-color wp-elements-c14256338188361c7fc52475eba2ff0e\">Huoneisto Honey 10.-11.10.2023<\/h2>\n\n\n\n<p class=\"has-black-color has-text-color has-link-color wp-elements-a114d503d6f584e977a05c55f699385a\">Sweety warm home. Lovely Cindy. Raining out-side. (Vieraamme kiinasta)<\/p>\n<\/div>\n\n\n\n<div class=\"wp-block-column has-white-background-color has-background is-layout-flow wp-block-column-is-layout-flow\">\n<h2 class=\"wp-block-heading has-black-color has-text-color has-link-color wp-elements-fc46ac239e10cf4fa99c3e7238310d15\">Villa Henna 12.-14.06.2023<\/h2>\n\n\n\n<p class=\"has-black-color has-text-color has-link-color wp-elements-0c0fbffa568d523f80160df263221dca\">Jo toistamiseen <a href=\"https:\/\/silfvastasholidayhomes.fi\/sv\/mokit\/lomamokki-villa-henna\/\" target=\"_blank\" rel=\"noopener\" title=\"Lomam\u00f6kki Villa Henna\">t\u00e4\u00e4ll\u00e4<\/a>! Ihana paikka!<\/p>\n\n\n\n<p class=\"has-black-color has-text-color has-link-color wp-elements-28c269d713fc0227717572cb7171e25b\">Lauantaina k\u00e4vimme hikoilemassa <a href=\"https:\/\/www.sisuxtrail.fi\/\" target=\"_blank\" rel=\"noopener\" title=\"\">SisuXTrail<\/a> polkujuoksutapahtumassa 10 km:n matkan verran.<\/p>\n\n\n\n<p class=\"has-black-color has-text-color has-link-color wp-elements-fd4b4f2e55e174f49d27a714a3caec2b\">My\u00f6s <a href=\"https:\/\/www.loviisa.fi\/kulttuuri-ja-vapaa-aika\/matkailijan-loviisa\/loviisan-laivasilta\/\" target=\"_blank\" rel=\"noopener\" title=\"\">Loviisan laivaranta<\/a> tuli katsastettua. Muuten illat kuluivat mukavasti grillailun ja saunomisen merkeiss\u00e4. Isot kiitokset taas!<\/p>\n\n\n\n<p class=\"has-black-color has-text-color has-link-color wp-elements-d31910f4376078c3860c1554413c0ed3\">PS: Koiravieraat olivat hauskoja. Eik\u00e4 annettu herkkuja anovista katseista p\u00e4\u00e4tellen eiv\u00e4t olleet ikin\u00e4 ruokaa n\u00e4hneetk\u00e4\u00e4n. Juoksumaastot olivat kallioiset ja kauniit. Aurinko porotti pilvett\u00f6m\u00e4lt\u00e4 taivaalta.<\/p>\n\n\n\n<p class=\"has-black-color has-text-color has-link-color wp-elements-c1d6a5dbf4da12737905d875fd76d78d\">Yt. Yt. Roosa, Valkeakoski ja Senni ja Joona, Yl\u00f6j\u00e4rvi<\/p>\n<\/div>\n<\/div>\n\n\n\n<div style=\"height:40px\" aria-hidden=\"true\" class=\"wp-block-spacer\"><\/div>\n\n\n\n<div class=\"wp-block-columns nosto-kuva-ja-teksti is-layout-flex wp-container-core-columns-is-layout-9d6595d7 wp-block-columns-is-layout-flex\">\n<div class=\"wp-block-column has-white-background-color has-background is-layout-flow wp-block-column-is-layout-flow\">\n<h2 class=\"wp-block-heading has-black-color has-text-color has-link-color wp-elements-b713f95a3e03d35b55c040b5055ef428\">Villa Anne 25.-26.03.2023<\/h2>\n\n\n\n<p class=\"has-black-color has-text-color has-link-color wp-elements-1f65c5306fb571261a733f6199567269\">Kimob\u00f6len Oilers \u2013 yst\u00e4v\u00e4t vuodesta 1994. Manko 50-vuotisjuhlissa.<\/p>\n\n\n\n<p class=\"has-black-color has-text-color has-link-color wp-elements-986b26497a66defdab0ebff636f4bfbe\">Kajaanista, Vantaalta, Miettil\u00e4st\u00e4, Polvij\u00e4rvelt\u00e4 ja Rautj\u00e4rvelt\u00e4<\/p>\n<\/div>\n\n\n\n<div class=\"wp-block-column has-white-background-color has-background is-layout-flow wp-block-column-is-layout-flow\">\n<h2 class=\"wp-block-heading has-black-color has-text-color has-link-color wp-elements-2fc927154dd55730296256676b7e91aa\">Villa Henna 23. \u2013 26.3.2023<\/h2>\n\n\n\n<p class=\"has-black-color has-text-color has-link-color wp-elements-f2349b1643c9a768023593c63b148d2b\">Tulimme miniloman viettoon t\u00e4nne maaseudun rauhaan. Teimme ekskursion Pukaron kyl\u00e4lle, jossa mm. tutkimme vaalimainoksia. erityisesti meit\u00e4 j\u00e4i kiehtomaan Pukaron koulu, joka on suljettu. Koulu nousi kuin maagisesti keskell\u00e4 peltoa ja on varmasti k\u00e4tkenyt sis\u00e4\u00e4ns\u00e4 yht\u00e4 jos toista. Visiteerasimme my\u00f6s legendaarisessa <a href=\"https:\/\/pukaronparoni.com\/\" target=\"_blank\" rel=\"noopener\" title=\"\">Pukaron Paronissa<\/a>, josta ostimme mm. makeisia.<\/p>\n\n\n\n<p class=\"has-black-color has-text-color has-link-color wp-elements-b8d38f472e1fce85e6f9da2dbc2bd6a9\">Loma on kulunut ulkoaktiviteeteissa ja pelailun merkeiss\u00e4. <a href=\"https:\/\/silfvastasholidayhomes.varauskalenteri.fi\/villa-henna\/\" target=\"_blank\" rel=\"noopener\" title=\"\">M\u00f6kki<\/a> on palvellut kaikkia tarpeitamme oikein hyvin. Grillikota on miellytt\u00e4v\u00e4 lis\u00e4.<\/p>\n\n\n\n<p class=\"has-black-color has-text-color has-link-color wp-elements-d2d4aaff1bc98b03c2fe2950fab32ac2\">Liisa, koirat ja kissa ovat eritt\u00e4in sympaattista v\u00e4ke\u00e4.<\/p>\n\n\n\n<p class=\"has-black-color has-text-color has-link-color wp-elements-2dd30b505ca640c0a02668bbd3a591e8\">Nyt vet\u00e4ydymme takkatulen l\u00e4mp\u00f6\u00f6n.<\/p>\n\n\n\n<p class=\"has-black-color has-text-color has-link-color wp-elements-7dc1a66ac20f98643769b9d53c3289ce\">Syd\u00e4mellisesti <em>Olga, Pulu<\/em> ja pieni kissa <em>Pahvi<\/em><br>\u201dmjauuuh!\u201d<\/p>\n<\/div>\n\n\n\n<div class=\"wp-block-column has-white-background-color has-background is-layout-flow wp-block-column-is-layout-flow\">\n<h2 class=\"wp-block-heading has-black-color has-text-color has-link-color wp-elements-ffd7a66c4692ccb3c64a5671b33b4ddc\">Villa Anne 19.-20.1.2023<\/h2>\n\n\n\n<p class=\"has-black-color has-text-color has-link-color wp-elements-afae3ea072db47227d011c3a17bade05\">Lapinj\u00e4rven valuma-alueen kunnostussuunnittelussa ja maanomistajatapaaminen. Hanketta koordinoi It\u00e4-Uudenmaan ja Porvoon vesiensuojeluyhdistys.<\/p>\n\n\n\n<p class=\"has-black-color has-text-color has-link-color wp-elements-bf9d330bad6bfae164a4c3e314853e66\">Ja t\u00e4\u00e4ll\u00e4 Sifvastaksessa kelpasi olla y\u00f6t\u00e4. Hyv\u00e4t ja siistit <a href=\"https:\/\/silfvastasholidayhomes.fi\/sv\/mokit\/villa-anne-kaksikerroksinen-hirsimokki\/\" target=\"_blank\" rel=\"noopener\" title=\"Lomam\u00f6kki Villa Anne\">tilat<\/a>, kiitos!<\/p>\n\n\n\n<p class=\"has-black-color has-text-color has-link-color wp-elements-82de2c0de81ea2f93efa1b194fdeff5b\">Juha Siekkinen, kosteikkomaailma Kempele<\/p>\n<\/div>\n<\/div>\n<\/div><\/div>\n<\/div><\/div>\n\n\n\n<div class=\"wp-block-group alignfull has-blue-background-color has-background\"><div class=\"wp-block-group__inner-container is-layout-constrained wp-block-group-is-layout-constrained\">\n<div class=\"wp-block-columns is-style-narrow is-layout-flex wp-container-core-columns-is-layout-9d6595d7 wp-block-columns-is-layout-flex\">\n<div class=\"wp-block-column is-layout-flow wp-block-column-is-layout-flow\">\n<div class=\"wp-block-buttons is-content-justification-center is-layout-flex wp-container-core-buttons-is-layout-16018d1d wp-block-buttons-is-layout-flex\">\n<div class=\"wp-block-button\"><a class=\"wp-block-button__link wp-element-button\" href=\"https:\/\/silfvastasholidayhomes.varauskalenteri.fi\/\" target=\"_blank\" rel=\"noreferrer noopener\">Online bokning<\/a><\/div>\n<\/div>\n<\/div>\n<\/div>\n<\/div><\/div>\n","protected":false},"excerpt":{"rendered":"<p>Kundkommentarer Du kan ocks\u00e5 f\u00f6lja kundkommentarer fr\u00e5n dessa l\u00e4nkar<\/p>\n","protected":false},"author":1,"featured_media":0,"parent":0,"menu_order":0,"comment_status":"closed","ping_status":"closed","template":"","meta":{"_acf_changed":false,"footnotes":""},"class_list":["post-5472","page","type-page","status-publish","hentry"],"acf":[],"aioseo_notices":[],"_links":{"self":[{"href":"https:\/\/silfvastasholidayhomes.fi\/sv\/wp-json\/wp\/v2\/pages\/5472","targetHints":{"allow":["GET"]}}],"collection":[{"href":"https:\/\/silfvastasholidayhomes.fi\/sv\/wp-json\/wp\/v2\/pages"}],"about":[{"href":"https:\/\/silfvastasholidayhomes.fi\/sv\/wp-json\/wp\/v2\/types\/page"}],"author":[{"embeddable":true,"href":"https:\/\/silfvastasholidayhomes.fi\/sv\/wp-json\/wp\/v2\/users\/1"}],"replies":[{"embeddable":true,"href":"https:\/\/silfvastasholidayhomes.fi\/sv\/wp-json\/wp\/v2\/comments?post=5472"}],"version-history":[{"count":0,"href":"https:\/\/silfvastasholidayhomes.fi\/sv\/wp-json\/wp\/v2\/pages\/5472\/revisions"}],"wp:attachment":[{"href":"https:\/\/silfvastasholidayhomes.fi\/sv\/wp-json\/wp\/v2\/media?parent=5472"}],"curies":[{"name":"wp","href":"https:\/\/api.w.org\/{rel}","templated":true}]}}